{"id":3573,"date":"2023-12-19T13:39:29","date_gmt":"2023-12-19T12:39:29","guid":{"rendered":"https:\/\/seenet-securite.fr\/?page_id=3573"},"modified":"2023-12-19T13:39:29","modified_gmt":"2023-12-19T12:39:29","slug":"politique-cookies","status":"publish","type":"page","link":"https:\/\/seenet-securite.fr\/es\/politique-cookies\/","title":{"rendered":"Pol\u00edtica de cookies"},"content":{"rendered":"<div class=\"fusion-fullwidth fullwidth-box fusion-builder-row-1 fusion-flex-container nonhundred-percent-fullwidth non-hundred-percent-height-scrolling\" style=\"--awb-border-radius-top-left:0px;--awb-border-radius-top-right:0px;--awb-border-radius-bottom-right:0px;--awb-border-radius-bottom-left:0px;--awb-flex-wrap:wrap;\" ><div class=\"fusion-builder-row fusion-row fusion-flex-align-items-flex-start fusion-flex-content-wrap\" style=\"max-width:1372.8px;margin-left: calc(-4% \/ 2 );margin-right: calc(-4% \/ 2 );\"><div class=\"fusion-layout-column fusion_builder_column fusion-builder-column-0 fusion_builder_column_1_1 1_1 fusion-flex-column\" style=\"--awb-bg-size:cover;--awb-width-large:100%;--awb-margin-top-large:0px;--awb-spacing-right-large:1.92%;--awb-margin-bottom-large:0px;--awb-spacing-left-large:1.92%;--awb-width-medium:100%;--awb-spacing-right-medium:1.92%;--awb-spacing-left-medium:1.92%;--awb-width-small:100%;--awb-spacing-right-small:1.92%;--awb-spacing-left-small:1.92%;\"><div class=\"fusion-column-wrapper fusion-flex-justify-content-flex-start fusion-content-layout-column\"><div class=\"fusion-text fusion-text-1\"><h3>OBJETIVO Y \u00c1MBITO DE APLICACI\u00d3N<\/h3>\n<p>Le informamos de que, al visitar nuestro sitio web, pueden instalarse cookies en su equipo (ordenador de sobremesa o port\u00e1til, tableta o smartphone).<\/p>\n<p>Como tal, el prop\u00f3sito de esta pol\u00edtica es informarle de los elementos esenciales relativos a la forma en que utilizamos estas cookies, los objetivos perseguidos en el contexto de su uso, e informarle de sus derechos al respecto.<\/p>\n<h3>\u00bfQU\u00c9 ES UNA GALLETA?<\/h3>\n<p>Las cookies son peque\u00f1os archivos de texto que se almacenan y\/o leen en el terminal de un usuario de Internet cuando visita un sitio web o una aplicaci\u00f3n m\u00f3vil, y que el sitio utiliza para enviar informaci\u00f3n al software del navegador.<\/p>\n<p>Durante su periodo de validez, una cookie permite a su emisor reconocer el terminal cada vez que accede a contenidos que contengan cookies del mismo emisor.<\/p>\n<p>S\u00f3lo el remitente de una cookie puede leer o modificar la informaci\u00f3n contenida en ella.<\/p>\n<h3>Finalidad de las cookies utilizadas<\/h3>\n<p>Las cookies que utilizamos pueden agruparse en tres categor\u00edas:<\/p>\n<p>las denominadas cookies esenciales o t\u00e9cnicas ;<br \/>\ncookies de medici\u00f3n de audiencia; y<br \/>\ncookies publicitarias.<\/p>\n<p><strong>Cookies esenciales o t\u00e9cnicas<\/strong><\/p>\n<p>Las cookies esenciales o t\u00e9cnicas son aquellas cuya \u00fanica finalidad es permitir o facilitar la comunicaci\u00f3n por medios electr\u00f3nicos, o las estrictamente necesarias para la prestaci\u00f3n de un servicio de comunicaci\u00f3n en l\u00ednea a petici\u00f3n expresa del usuario.<\/p>\n<p>En particular, estas cookies nos permiten<\/p>\n<p>Mantener la elecci\u00f3n expresada por el usuario sobre el dep\u00f3sito de trazadores; ;<br \/>\nAutenticarse en un servicio ;<br \/>\nPara adaptar la presentaci\u00f3n del sitio a las preferencias de visualizaci\u00f3n del terminal; ;<br \/>\nAlmacenar informaci\u00f3n relativa al contenido de una cesta de la compra, o a formularios que el usuario haya rellenado en el sitio; ;<br \/>\nFacilitar a los usuarios el acceso a su cuenta.<\/p>\n<p><strong>Cookies de medici\u00f3n de audiencia<\/strong><\/p>\n<p>Las cookies de medici\u00f3n de audiencia se utilizan para obtener informaci\u00f3n sobre la navegaci\u00f3n de los internautas (ejemplos de finalidades: medir el rendimiento, detectar problemas de navegaci\u00f3n, optimizar las prestaciones t\u00e9cnicas o la ergonom\u00eda, estimar la potencia necesaria de los servidores, analizar los contenidos consultados, etc.).<\/p>\n<p><strong>Cookies publicitarias<\/strong><\/p>\n<p>Las cookies publicitarias est\u00e1n vinculadas a la publicidad dirigida, es decir, a la observaci\u00f3n de los h\u00e1bitos de navegaci\u00f3n de los usuarios, lo que permite crear un perfil espec\u00edfico para mostrar anuncios que les correspondan.<\/p>\n<h3>Cookies de terceros<\/h3>\n<p>Nuestro sitio web tambi\u00e9n puede contener cookies de terceros. Nos aseguramos de que estas cookies sean gestionadas adecuadamente por servicios de terceros, pero no podemos hacernos responsables de ellas.<\/p>\n<h3>Caducidad<\/h3>\n<p>Cumplimos los requisitos de la CNIL sobre periodos de conservaci\u00f3n de datos.<\/p>\n<p>Las cookies t\u00e9cnicas o esenciales se conservan durante el tiempo necesario para la prestaci\u00f3n y el funcionamiento del servicio.<\/p>\n<p>Las cookies de medici\u00f3n de audiencia se conservan un m\u00e1ximo de 13 meses. La informaci\u00f3n recopilada a trav\u00e9s de estos rastreadores se conserva durante 25 meses.<\/p>\n<p>Las dem\u00e1s cookies se conservan durante el periodo razonablemente necesario para los fines para los que se utilizan. La validez del consentimiento otorgado no exceder\u00e1 de 13 meses.<\/p>\n<p><strong>Consentimiento y exenci\u00f3n<\/strong><\/p>\n<p>Seg\u00fan las directrices de la CNIL, hay que distinguir entre las cookies que requieren consentimiento previo y las que entran en el sistema de exenci\u00f3n.<\/p>\n<p>Las cookies que requieren su consentimiento previo son cookies publicitarias.<\/p>\n<p>Las cookies t\u00e9cnicas y las relacionadas con la medici\u00f3n de audiencias est\u00e1n cubiertas por el sistema de exenci\u00f3n.<\/p>\n<p>En el caso de las cookies de medici\u00f3n de audiencia que tratan datos personales, puede ejercer su derecho de oposici\u00f3n.<\/p>\n<p>Para recabar el consentimiento y gestionar el derecho de oposici\u00f3n, utilizamos una Plataforma de Gesti\u00f3n del Consentimiento (\u00abCMP\u00bb).<\/p>\n<h3>P\u00f3ngase en contacto con nosotros<\/h3>\n<p>Si tiene alguna duda, p\u00f3ngase en contacto con nuestro responsable de protecci\u00f3n de datos (v\u00e9ase la Pol\u00edtica de protecci\u00f3n de datos).<\/p>\n<p>Para m\u00e1s informaci\u00f3n general sobre la protecci\u00f3n de datos personales, consulte el sitio web de la CNIL en www.cnil.fr.<\/p>\n<h3>Consulte<\/h3>\n<p>En caso de cambios reglamentarios o recomendaciones de la CNIL, nos reservamos el derecho a modificar esta pol\u00edtica. Se le notificar\u00e1 cualquier nueva pol\u00edtica antes de que entre en vigor.<\/p>\n<\/div><\/div><\/div><\/div><\/div>","protected":false},"excerpt":{"rendered":"","protected":false},"author":1,"featured_media":0,"parent":0,"menu_order":0,"comment_status":"closed","ping_status":"closed","template":"","meta":{"inline_featured_image":false,"footnotes":""},"class_list":["post-3573","page","type-page","status-publish","hentry"],"yoast_head":"<!-- This site is optimized with the Yoast SEO plugin v27.3 - https:\/\/yoast.com\/product\/yoast-seo-wordpress\/ -->\n<title>Politique cookies - Seenet S\u00e9curit\u00e9<\/title>\n<meta name=\"robots\" content=\"index, follow, max-snippet:-1, max-image-preview:large, max-video-preview:-1\" \/>\n<link rel=\"canonical\" href=\"https:\/\/seenet-securite.fr\/es\/politique-cookies\/\" \/>\n<meta property=\"og:locale\" content=\"es_ES\" \/>\n<meta property=\"og:type\" content=\"article\" \/>\n<meta property=\"og:title\" content=\"Politique cookies - Seenet S\u00e9curit\u00e9\" \/>\n<meta property=\"og:url\" content=\"https:\/\/seenet-securite.fr\/es\/politique-cookies\/\" \/>\n<meta property=\"og:site_name\" content=\"Seenet S\u00e9curit\u00e9\" \/>\n<meta property=\"og:image\" content=\"https:\/\/seenet-securite.fr\/wp-content\/uploads\/2023\/12\/seenet-securite.jpg\" \/>\n\t<meta property=\"og:image:width\" content=\"299\" \/>\n\t<meta property=\"og:image:height\" content=\"100\" \/>\n\t<meta property=\"og:image:type\" content=\"image\/jpeg\" \/>\n<meta name=\"twitter:card\" content=\"summary_large_image\" \/>\n<meta name=\"twitter:label1\" content=\"Tiempo de lectura\" \/>\n\t<meta name=\"twitter:data1\" content=\"5 minutos\" \/>\n<script type=\"application\/ld+json\" class=\"yoast-schema-graph\">{\"@context\":\"https:\\\/\\\/schema.org\",\"@graph\":[{\"@type\":\"WebPage\",\"@id\":\"https:\\\/\\\/seenet-securite.fr\\\/politique-cookies\\\/\",\"url\":\"https:\\\/\\\/seenet-securite.fr\\\/politique-cookies\\\/\",\"name\":\"Politique cookies - Seenet S\u00e9curit\u00e9\",\"isPartOf\":{\"@id\":\"https:\\\/\\\/seenet-securite.fr\\\/#website\"},\"datePublished\":\"2023-12-19T12:39:29+00:00\",\"breadcrumb\":{\"@id\":\"https:\\\/\\\/seenet-securite.fr\\\/politique-cookies\\\/#breadcrumb\"},\"inLanguage\":\"es\",\"potentialAction\":[{\"@type\":\"ReadAction\",\"target\":[\"https:\\\/\\\/seenet-securite.fr\\\/politique-cookies\\\/\"]}]},{\"@type\":\"BreadcrumbList\",\"@id\":\"https:\\\/\\\/seenet-securite.fr\\\/politique-cookies\\\/#breadcrumb\",\"itemListElement\":[{\"@type\":\"ListItem\",\"position\":1,\"name\":\"Accueil\",\"item\":\"https:\\\/\\\/seenet-securite.fr\\\/\"},{\"@type\":\"ListItem\",\"position\":2,\"name\":\"Politique cookies\"}]},{\"@type\":\"WebSite\",\"@id\":\"https:\\\/\\\/seenet-securite.fr\\\/#website\",\"url\":\"https:\\\/\\\/seenet-securite.fr\\\/\",\"name\":\"Seenet S\u00e9curit\u00e9\",\"description\":\"Logiciel s\u00e9curit\u00e9 et gardiennage\",\"publisher\":{\"@id\":\"https:\\\/\\\/seenet-securite.fr\\\/#organization\"},\"potentialAction\":[{\"@type\":\"SearchAction\",\"target\":{\"@type\":\"EntryPoint\",\"urlTemplate\":\"https:\\\/\\\/seenet-securite.fr\\\/?s={search_term_string}\"},\"query-input\":{\"@type\":\"PropertyValueSpecification\",\"valueRequired\":true,\"valueName\":\"search_term_string\"}}],\"inLanguage\":\"es\"},{\"@type\":\"Organization\",\"@id\":\"https:\\\/\\\/seenet-securite.fr\\\/#organization\",\"name\":\"Seenet S\u00e9curit\u00e9\",\"url\":\"https:\\\/\\\/seenet-securite.fr\\\/\",\"logo\":{\"@type\":\"ImageObject\",\"inLanguage\":\"es\",\"@id\":\"https:\\\/\\\/seenet-securite.fr\\\/#\\\/schema\\\/logo\\\/image\\\/\",\"url\":\"https:\\\/\\\/seenet-securite.fr\\\/wp-content\\\/uploads\\\/2023\\\/12\\\/seenet-securite.jpg\",\"contentUrl\":\"https:\\\/\\\/seenet-securite.fr\\\/wp-content\\\/uploads\\\/2023\\\/12\\\/seenet-securite.jpg\",\"width\":299,\"height\":100,\"caption\":\"Seenet S\u00e9curit\u00e9\"},\"image\":{\"@id\":\"https:\\\/\\\/seenet-securite.fr\\\/#\\\/schema\\\/logo\\\/image\\\/\"},\"sameAs\":[\"https:\\\/\\\/www.linkedin.com\\\/company\\\/10049802\\\/\"]}]}<\/script>\n<!-- \/ Yoast SEO plugin. -->","yoast_head_json":{"title":"Pol\u00edtica de cookies - Seenet S\u00e9curit\u00e9","robots":{"index":"index","follow":"follow","max-snippet":"max-snippet:-1","max-image-preview":"max-image-preview:large","max-video-preview":"max-video-preview:-1"},"canonical":"https:\/\/seenet-securite.fr\/es\/politique-cookies\/","og_locale":"es_ES","og_type":"article","og_title":"Politique cookies - Seenet S\u00e9curit\u00e9","og_url":"https:\/\/seenet-securite.fr\/es\/politique-cookies\/","og_site_name":"Seenet S\u00e9curit\u00e9","og_image":[{"width":299,"height":100,"url":"https:\/\/seenet-securite.fr\/wp-content\/uploads\/2023\/12\/seenet-securite.jpg","type":"image\/jpeg"}],"twitter_card":"summary_large_image","twitter_misc":{"Tiempo de lectura":"5 minutos"},"schema":{"@context":"https:\/\/schema.org","@graph":[{"@type":"WebPage","@id":"https:\/\/seenet-securite.fr\/politique-cookies\/","url":"https:\/\/seenet-securite.fr\/politique-cookies\/","name":"Pol\u00edtica de cookies - Seenet S\u00e9curit\u00e9","isPartOf":{"@id":"https:\/\/seenet-securite.fr\/#website"},"datePublished":"2023-12-19T12:39:29+00:00","breadcrumb":{"@id":"https:\/\/seenet-securite.fr\/politique-cookies\/#breadcrumb"},"inLanguage":"es","potentialAction":[{"@type":"ReadAction","target":["https:\/\/seenet-securite.fr\/politique-cookies\/"]}]},{"@type":"BreadcrumbList","@id":"https:\/\/seenet-securite.fr\/politique-cookies\/#breadcrumb","itemListElement":[{"@type":"ListItem","position":1,"name":"Accueil","item":"https:\/\/seenet-securite.fr\/"},{"@type":"ListItem","position":2,"name":"Politique cookies"}]},{"@type":"WebSite","@id":"https:\/\/seenet-securite.fr\/#website","url":"https:\/\/seenet-securite.fr\/","name":"Seguridad Seenet","description":"Software de seguridad y vigilancia","publisher":{"@id":"https:\/\/seenet-securite.fr\/#organization"},"potentialAction":[{"@type":"SearchAction","target":{"@type":"EntryPoint","urlTemplate":"https:\/\/seenet-securite.fr\/?s={search_term_string}"},"query-input":{"@type":"PropertyValueSpecification","valueRequired":true,"valueName":"search_term_string"}}],"inLanguage":"es"},{"@type":"Organization","@id":"https:\/\/seenet-securite.fr\/#organization","name":"Seguridad Seenet","url":"https:\/\/seenet-securite.fr\/","logo":{"@type":"ImageObject","inLanguage":"es","@id":"https:\/\/seenet-securite.fr\/#\/schema\/logo\/image\/","url":"https:\/\/seenet-securite.fr\/wp-content\/uploads\/2023\/12\/seenet-securite.jpg","contentUrl":"https:\/\/seenet-securite.fr\/wp-content\/uploads\/2023\/12\/seenet-securite.jpg","width":299,"height":100,"caption":"Seenet S\u00e9curit\u00e9"},"image":{"@id":"https:\/\/seenet-securite.fr\/#\/schema\/logo\/image\/"},"sameAs":["https:\/\/www.linkedin.com\/company\/10049802\/"]}]}},"_links":{"self":[{"href":"https:\/\/seenet-securite.fr\/es\/wp-json\/wp\/v2\/pages\/3573","targetHints":{"allow":["GET"]}}],"collection":[{"href":"https:\/\/seenet-securite.fr\/es\/wp-json\/wp\/v2\/pages"}],"about":[{"href":"https:\/\/seenet-securite.fr\/es\/wp-json\/wp\/v2\/types\/page"}],"author":[{"embeddable":true,"href":"https:\/\/seenet-securite.fr\/es\/wp-json\/wp\/v2\/users\/1"}],"replies":[{"embeddable":true,"href":"https:\/\/seenet-securite.fr\/es\/wp-json\/wp\/v2\/comments?post=3573"}],"version-history":[{"count":1,"href":"https:\/\/seenet-securite.fr\/es\/wp-json\/wp\/v2\/pages\/3573\/revisions"}],"predecessor-version":[{"id":3574,"href":"https:\/\/seenet-securite.fr\/es\/wp-json\/wp\/v2\/pages\/3573\/revisions\/3574"}],"wp:attachment":[{"href":"https:\/\/seenet-securite.fr\/es\/wp-json\/wp\/v2\/media?parent=3573"}],"curies":[{"name":"wp","href":"https:\/\/api.w.org\/{rel}","templated":true}]}}