{"id":3575,"date":"2023-12-19T13:40:29","date_gmt":"2023-12-19T12:40:29","guid":{"rendered":"https:\/\/seenet-securite.fr\/?page_id=3575"},"modified":"2025-09-25T11:29:47","modified_gmt":"2025-09-25T09:29:47","slug":"mentions-legales","status":"publish","type":"page","link":"https:\/\/seenet-securite.fr\/en\/mentions-legales\/","title":{"rendered":"Terms of use"},"content":{"rendered":"<div class=\"fusion-fullwidth fullwidth-box fusion-builder-row-1 fusion-flex-container nonhundred-percent-fullwidth non-hundred-percent-height-scrolling\" style=\"--awb-border-radius-top-left:0px;--awb-border-radius-top-right:0px;--awb-border-radius-bottom-right:0px;--awb-border-radius-bottom-left:0px;--awb-flex-wrap:wrap;\" ><div class=\"fusion-builder-row fusion-row fusion-flex-align-items-flex-start fusion-flex-content-wrap\" style=\"max-width:1372.8px;margin-left: calc(-4% \/ 2 );margin-right: calc(-4% \/ 2 );\"><div class=\"fusion-layout-column fusion_builder_column fusion-builder-column-0 fusion_builder_column_1_1 1_1 fusion-flex-column\" style=\"--awb-bg-size:cover;--awb-width-large:100%;--awb-margin-top-large:0px;--awb-spacing-right-large:1.92%;--awb-margin-bottom-large:0px;--awb-spacing-left-large:1.92%;--awb-width-medium:100%;--awb-spacing-right-medium:1.92%;--awb-spacing-left-medium:1.92%;--awb-width-small:100%;--awb-spacing-right-small:1.92%;--awb-spacing-left-small:1.92%;\"><div class=\"fusion-column-wrapper fusion-flex-justify-content-flex-start fusion-content-layout-column\"><div class=\"fusion-text fusion-text-1\"><p>Bienvenue sur notre site www.seenet-securite.fr !<\/p>\n<p>Comme la loi nous l\u2019impose, vous trouverez ci-dessous nos mentions l\u00e9gales ainsi qu\u2019un ensemble de r\u00e8gles qui fixent les conditions d\u2019utilisation de notre site web. En l\u2019utilisant, vous \u00eates r\u00e9put\u00e9s avoir pris connaissance et accept\u00e9 les termes de la pr\u00e9sente notice l\u00e9gale.<\/p>\n<p>Nous vous invitons \u00e9galement \u00e0 nous rejoindre sur les r\u00e9seaux sociaux, o\u00f9 vous pourrez prendre connaissance des informations communiqu\u00e9es par les h\u00e9bergeurs concern\u00e9s.<\/p>\n<h2>\u00c9diteur du site<\/h2>\n<p>Le site est \u00e9dit\u00e9 et appartient au GROUPE SENEF<\/p>\n<p>Si\u00e8ge social : Morning 179 avenue Charles de Gaulle, 92200 NEUILLY SUR SEINE, France<\/p>\n<p>SIRET : 52997451100030<\/p>\n<p>Code APE : Programmation informatique (6201Z)<\/p>\n<p>Num\u00e9ro de t\u00e9l\u00e9phone : 01 84 20 16 50<\/p>\n<p>Adresse email : marketing[a]groupesenef.com<\/p>\n<p>Forme sociale : Soci\u00e9t\u00e9 par actions simplifi\u00e9e<\/p>\n<p>Capital social : 59 364,00 \u20ac.<\/p>\n<p>Num\u00e9ro d\u2019immatriculation au registre du commerce et des soci\u00e9t\u00e9s de Nanterre : Nanterre B 529 974 511.<\/p>\n<p>N\u00b0 de TVA intercommunautaire : FR37529974511.<\/p>\n<h3>Gestion \u00e9ditoriale du site<\/h3>\n<p>Directeur de la publication : Olivier Carr\u00e9<\/p>\n<p>Adresse email : marketing[a]groupesenef.com<\/p>\n<p>Responsable \u00e9ditorial : Olivier Carr\u00e9<\/p>\n<p>Responsable de la r\u00e9daction : Olivier Carr\u00e9 marketing[a]groupesenef.com<\/p>\n<h3>D\u00e9veloppement technique du site<\/h3>\n<p>Nom de la soci\u00e9t\u00e9 : SENEF<\/p>\n<p>Si\u00e8ge social : 179 avenue Charles de Gaules &#8211; 92200 NEUILLY SUR SEINE<\/p>\n<p>Num\u00e9ro de t\u00e9l\u00e9phone : 01 84 20 16 50<\/p>\n<h3>H\u00e9bergeur du site<\/h3>\n<p>Nom de la soci\u00e9t\u00e9 : OVH<\/p>\n<p>Si\u00e8ge social : 2 rue Kellermann \u2013 59100 Roubaix \u2013 France<\/p>\n<p>SIRET : 42476141900045<\/p>\n<p>Num\u00e9ro de t\u00e9l\u00e9phone : 1007<\/p>\n<h2>ACC\u00c8S ET SERVICE<\/h2>\n<p>L\u2019acc\u00e8s \u00e0 notre site est libre, nous nous engageons \u00e0 mettre en \u0153uvre tous les moyens \u00e0 notre disposition pour assurer la fiabilit\u00e9 du site et de ses contenus.<\/p>\n<p>N\u00e9anmoins, nous n\u2019accordons aucune garantie quant \u00e0 l\u2019acc\u00e8s au site et nous nous r\u00e9servons le droit de modifier le site ainsi que ses contenus sans aucun pr\u00e9avis, notre responsabilit\u00e9 ne pouvant \u00eatre engag\u00e9e \u00e0 ce titre.<\/p>\n<p>Nous attirons votre attention sur les \u00e9carts possibles entre notre site web accessible via ordinateur et la version accessible sur tablette ou mobile.<\/p>\n<h2>CONDITIONS D\u2019UTILISATIONS<\/h2>\n<p>Nous d\u00e9clinons toute responsabilit\u00e9 sur l\u2019utilisation du site et de ses contenus, et nous ne saurions \u00eatre tenus responsables en cas d\u2019erreur, d\u2019interruption, de dysfonctionnement, de perte de donn\u00e9es, de saturation du r\u00e9seau internet, de d\u00e9faillance de tout mat\u00e9riel de r\u00e9ception ou des lignes de communication, ou de tout autre \u00e9v\u00e8nement impactant ou r\u00e9sultant de l\u2019utilisation du pr\u00e9sent site.<\/p>\n<p>Vous vous interdisez tout acte de nature \u00e0 alt\u00e9rer ou perturber, de quelque mani\u00e8re que ce soit, le fonctionnement normal du site. De m\u00eame, vous vous interdisez toute utilisation d\u00e9tourn\u00e9e des informations nominatives pr\u00e9sentes sur le site.<\/p>\n<p>Si vous constatez un dysfonctionnement du site, nous vous invitons \u00e0 nous contacter aux coordonn\u00e9es indiqu\u00e9s \u00e0 l\u2019article intitul\u00e9 \u00ab Mentions obligatoires \u00bb.<\/p>\n<h2>INFORMATIONS ET CONTENUS<\/h2>\n<p>Les informations ou contenus diffus\u00e9s et accessibles sur notre site sont communiqu\u00e9s \u00e0 titre gratuit.<\/p>\n<p>L\u2019utilisation d\u2019informations et de contenu est plac\u00e9e sous votre responsabilit\u00e9 et ne saurait aucunement nous engager.<\/p>\n<p>Si vous estimez qu\u2019un contenu est inappropri\u00e9, nous vous invitons \u00e0 nous contacter aux coordonn\u00e9es indiqu\u00e9s \u00e0 l\u2019article intitul\u00e9 \u00ab Mentions obligatoires \u00bb.<\/p>\n<h2>DONN\u00c9S \u00c0 CARACT\u00c8RE PERSONNEL<\/h2>\n<p>Soucieux de prot\u00e9ger la vie priv\u00e9e de nos utilisateurs et dans la mesure o\u00f9 nous sommes susceptibles de traiter vos donn\u00e9es \u00e0 caract\u00e8re personnel lorsque vous naviguez sur notre site, nous nous engageons \u00e0 respecter la r\u00e9glementation applicable en la mati\u00e8re et \u00e0 nous conformer \u00e0 notre politique de protection des donn\u00e9es accessible ici.<\/p>\n<h2>POLITIQUE COOKIE<\/h2>\n<p>Lors de votre visite sur notre site, des cookies sont susceptibles d\u2019\u00eatre d\u00e9pos\u00e9s sur votre terminal. Pour en savoir plus, nous vous invitons \u00e0 consulter notre politique cookie accessible ici.<\/p>\n<h2>PROPRI\u00c9T\u00c9 INTELLECTUELLE<\/h2>\n<p>Ce site est notre propri\u00e9t\u00e9 exclusive. Nous sommes \u00e0 ce titre seuls titulaires de l\u2019ensemble des droits de propri\u00e9t\u00e9 intellectuelle portant sur ce site et son contenu soit notamment :<\/p>\n<p>les droits d\u2019auteur portant sur les contenus,<\/p>\n<p>les droits de propri\u00e9t\u00e9 industrielle portant sur nos marques et logos,<\/p>\n<p>les droits de propri\u00e9t\u00e9 intellectuelle portant sur nos noms de domaine,<\/p>\n<p>les droits de propri\u00e9t\u00e9 intellectuelle portant sur l\u2019ensemble de nos identifiants sur les r\u00e9seaux sociaux,<\/p>\n<p>les droits sui generis du producteur de bases donn\u00e9es sur les bases de donn\u00e9es que nous sommes susceptibles de mettre \u00e0 votre disposition.<\/p>\n<p>Une visite sur notre site ne constitue une cession de droit d\u2019aucune sorte. Vous b\u00e9n\u00e9ficiez cependant d\u2019un droit d\u2019usage personnel et un droit de copie de nos contenus pour un usage priv\u00e9 uniquement.<\/p>\n<p>Toute extraction, par transfert permanent ou temporaire, de la totalit\u00e9 ou d\u2019une partie du contenu du pr\u00e9sent site ou des bases de donn\u00e9es qu\u2019il contient sur un autre support, par tout moyen ou sous toute forme que ce soit, ainsi que la r\u00e9utilisation, par la mise \u00e0 disposition du public de la totalit\u00e9 ou d\u2019une partie du contenu du pr\u00e9sent site, quelle qu\u2019en soit la forme, est illicite.<\/p>\n<p>Tous les \u00e9l\u00e9ments (textes, commentaires, ouvrages, illustrations, logos, marques, vid\u00e9os et images, sans que cette liste soit limitative) affich\u00e9s ou cit\u00e9s sur le pr\u00e9sent site sont la propri\u00e9t\u00e9 exclusive de leurs titulaires respectifs. Conform\u00e9ment au Code de la Propri\u00e9t\u00e9 Intellectuelle, toute utilisation ou reproduction totale ou partielle desdits \u00e9l\u00e9ments effectu\u00e9e \u00e0 partir du pr\u00e9sent site sans notre autorisation expresse et \u00e9crite est interdite.<\/p>\n<p>Pour tout autre usage et notamment reproduction (hors copie priv\u00e9e) de nos contenus, nous vous invitons \u00e0 nous contacter aux coordonn\u00e9es indiqu\u00e9s \u00e0 l\u2019article intitul\u00e9 \u00ab Mentions obligatoires \u00bb.<\/p>\n<h2>CR\u00c9DITS RELATIFS AUX CONTENUS<\/h2>\n<p>D\u00e9veloppement et design : SENEF GROUPE<\/p>\n<p>Textes et publications : SENEF GROUPE<\/p>\n<p>H\u00e9bergement : OVH<\/p>\n<p>Consent management platform : WordPress<\/p>\n<p>Police de caract\u00e8re : Poppins<\/p>\n<p>Photos : Shutter Stock<\/p>\n<p>Vid\u00e9o : SENEF GROUPE.<\/p>\n<h2>LIEN HYPERTEXTES<\/h2>\n<p>Notre site contient des liens vers d\u2019autres espaces num\u00e9riques. Nous accordons un grand soin \u00e0 la s\u00e9lection de ces liens mais nous ne sommes pas responsables du contenu des espaces num\u00e9riques des tiers auxquels vous pouvez acc\u00e9der via ces derniers.<\/p>\n<h2>CONVENTION DE PREUVE<\/h2>\n<p>Les donn\u00e9es d\u2019identification ou de connexion constituent des \u00e9l\u00e9ments de preuve.<\/p>\n<h2>LANGUE<\/h2>\n<p>La langue officielle de notre site est le fran\u00e7ais.<\/p>\n<p>Au cas o\u00f9 nous d\u00e9ciderions de publier des contenus en langue \u00e9trang\u00e8re, nous ne serions en aucun cas responsable des traductions automatiques r\u00e9alis\u00e9es via des navigateurs web et autres outils de traduction automatique que vous seriez susceptible d\u2019utiliser.<\/p>\n<h2>DROIT APPLICABLE<\/h2>\n<p>La pr\u00e9sente notice l\u00e9gale et l\u2019ensemble de notre site rel\u00e8ve du droit fran\u00e7ais et toute difficult\u00e9 sera tranch\u00e9e par le ressort de la juridiction du lieu de notre si\u00e8ge social.<\/p>\n<h2>MISE \u00c0 JOUR<\/h2>\n<p>Nous nous r\u00e9servons le droit de modifier la pr\u00e9sentation et le contenu de la pr\u00e9sente notice l\u00e9gale. La notice l\u00e9gale en vigueur est celle accessible sur notre site web ou tout autre espace num\u00e9rique au jour de votre visite.<\/p>\n<h2>POUR PLUS D\u2019INFORMATIONS<\/h2>\n<p>Pour toute question relative \u00e0 notre notice l\u00e9gale, vous \u00eates invit\u00e9s \u00e0 nous contacter aux coordonn\u00e9es indiqu\u00e9es \u00e0 l\u2019article intitul\u00e9 \u00ab Mentions obligatoires \u00bb des pr\u00e9sentes.<\/p>\n<\/div><\/div><\/div><\/div><\/div>\n","protected":false},"excerpt":{"rendered":"","protected":false},"author":1,"featured_media":0,"parent":0,"menu_order":0,"comment_status":"closed","ping_status":"closed","template":"","meta":{"inline_featured_image":false,"footnotes":""},"class_list":["post-3575","page","type-page","status-publish","hentry"],"yoast_head":"<!-- This site is optimized with the Yoast SEO plugin v27.3 - https:\/\/yoast.com\/product\/yoast-seo-wordpress\/ -->\n<title>Mentions l\u00e9gales - Seenet I GROUPE SENEF<\/title>\n<meta name=\"description\" content=\"mentions l\u00e9gales - Seenet I GROUPE SENEF. Nous vous invitons \u00e9galement \u00e0 nous rejoindre sur les r\u00e9seaux sociaux, o\u00f9 vous pourrez prendre...\" \/>\n<meta name=\"robots\" content=\"index, follow, max-snippet:-1, max-image-preview:large, max-video-preview:-1\" \/>\n<link rel=\"canonical\" href=\"https:\/\/seenet-securite.fr\/en\/mentions-legales\/\" \/>\n<meta property=\"og:locale\" content=\"en_US\" \/>\n<meta property=\"og:type\" content=\"article\" \/>\n<meta property=\"og:title\" content=\"Mentions l\u00e9gales - Seenet I GROUPE SENEF\" \/>\n<meta property=\"og:description\" content=\"mentions l\u00e9gales - Seenet I GROUPE SENEF. Nous vous invitons \u00e9galement \u00e0 nous rejoindre sur les r\u00e9seaux sociaux, o\u00f9 vous pourrez prendre...\" \/>\n<meta property=\"og:url\" content=\"https:\/\/seenet-securite.fr\/en\/mentions-legales\/\" \/>\n<meta property=\"og:site_name\" content=\"Seenet S\u00e9curit\u00e9\" \/>\n<meta property=\"article:modified_time\" content=\"2025-09-25T09:29:47+00:00\" \/>\n<meta property=\"og:image\" content=\"https:\/\/seenet-securite.fr\/wp-content\/uploads\/2023\/12\/seenet-securite.jpg\" \/>\n\t<meta property=\"og:image:width\" content=\"299\" \/>\n\t<meta property=\"og:image:height\" content=\"100\" \/>\n\t<meta property=\"og:image:type\" content=\"image\/jpeg\" \/>\n<meta name=\"twitter:card\" content=\"summary_large_image\" \/>\n<meta name=\"twitter:label1\" content=\"Est. reading time\" \/>\n\t<meta name=\"twitter:data1\" content=\"6 minutes\" \/>\n<script type=\"application\/ld+json\" class=\"yoast-schema-graph\">{\"@context\":\"https:\\\/\\\/schema.org\",\"@graph\":[{\"@type\":\"WebPage\",\"@id\":\"https:\\\/\\\/seenet-securite.fr\\\/mentions-legales\\\/\",\"url\":\"https:\\\/\\\/seenet-securite.fr\\\/mentions-legales\\\/\",\"name\":\"Mentions l\u00e9gales - Seenet I GROUPE SENEF\",\"isPartOf\":{\"@id\":\"https:\\\/\\\/seenet-securite.fr\\\/#website\"},\"datePublished\":\"2023-12-19T12:40:29+00:00\",\"dateModified\":\"2025-09-25T09:29:47+00:00\",\"description\":\"mentions l\u00e9gales - Seenet I GROUPE SENEF. Nous vous invitons \u00e9galement \u00e0 nous rejoindre sur les r\u00e9seaux sociaux, o\u00f9 vous pourrez prendre...\",\"breadcrumb\":{\"@id\":\"https:\\\/\\\/seenet-securite.fr\\\/mentions-legales\\\/#breadcrumb\"},\"inLanguage\":\"en-US\",\"potentialAction\":[{\"@type\":\"ReadAction\",\"target\":[\"https:\\\/\\\/seenet-securite.fr\\\/mentions-legales\\\/\"]}]},{\"@type\":\"BreadcrumbList\",\"@id\":\"https:\\\/\\\/seenet-securite.fr\\\/mentions-legales\\\/#breadcrumb\",\"itemListElement\":[{\"@type\":\"ListItem\",\"position\":1,\"name\":\"Accueil\",\"item\":\"https:\\\/\\\/seenet-securite.fr\\\/\"},{\"@type\":\"ListItem\",\"position\":2,\"name\":\"Mentions l\u00e9gales\"}]},{\"@type\":\"WebSite\",\"@id\":\"https:\\\/\\\/seenet-securite.fr\\\/#website\",\"url\":\"https:\\\/\\\/seenet-securite.fr\\\/\",\"name\":\"Seenet S\u00e9curit\u00e9\",\"description\":\"Logiciel s\u00e9curit\u00e9 et gardiennage\",\"publisher\":{\"@id\":\"https:\\\/\\\/seenet-securite.fr\\\/#organization\"},\"potentialAction\":[{\"@type\":\"SearchAction\",\"target\":{\"@type\":\"EntryPoint\",\"urlTemplate\":\"https:\\\/\\\/seenet-securite.fr\\\/?s={search_term_string}\"},\"query-input\":{\"@type\":\"PropertyValueSpecification\",\"valueRequired\":true,\"valueName\":\"search_term_string\"}}],\"inLanguage\":\"en-US\"},{\"@type\":\"Organization\",\"@id\":\"https:\\\/\\\/seenet-securite.fr\\\/#organization\",\"name\":\"Seenet S\u00e9curit\u00e9\",\"url\":\"https:\\\/\\\/seenet-securite.fr\\\/\",\"logo\":{\"@type\":\"ImageObject\",\"inLanguage\":\"en-US\",\"@id\":\"https:\\\/\\\/seenet-securite.fr\\\/#\\\/schema\\\/logo\\\/image\\\/\",\"url\":\"https:\\\/\\\/seenet-securite.fr\\\/wp-content\\\/uploads\\\/2023\\\/12\\\/seenet-securite.jpg\",\"contentUrl\":\"https:\\\/\\\/seenet-securite.fr\\\/wp-content\\\/uploads\\\/2023\\\/12\\\/seenet-securite.jpg\",\"width\":299,\"height\":100,\"caption\":\"Seenet S\u00e9curit\u00e9\"},\"image\":{\"@id\":\"https:\\\/\\\/seenet-securite.fr\\\/#\\\/schema\\\/logo\\\/image\\\/\"},\"sameAs\":[\"https:\\\/\\\/www.linkedin.com\\\/company\\\/10049802\\\/\"]}]}<\/script>\n<!-- \/ Yoast SEO plugin. -->","yoast_head_json":{"title":"Legal information - Seenet I GROUPE SENEF","description":"legal information - Seenet I GROUPE SENEF. We also invite you to join us on social networks, where you can take...","robots":{"index":"index","follow":"follow","max-snippet":"max-snippet:-1","max-image-preview":"max-image-preview:large","max-video-preview":"max-video-preview:-1"},"canonical":"https:\/\/seenet-securite.fr\/en\/mentions-legales\/","og_locale":"en_US","og_type":"article","og_title":"Mentions l\u00e9gales - Seenet I GROUPE SENEF","og_description":"mentions l\u00e9gales - Seenet I GROUPE SENEF. Nous vous invitons \u00e9galement \u00e0 nous rejoindre sur les r\u00e9seaux sociaux, o\u00f9 vous pourrez prendre...","og_url":"https:\/\/seenet-securite.fr\/en\/mentions-legales\/","og_site_name":"Seenet S\u00e9curit\u00e9","article_modified_time":"2025-09-25T09:29:47+00:00","og_image":[{"width":299,"height":100,"url":"https:\/\/seenet-securite.fr\/wp-content\/uploads\/2023\/12\/seenet-securite.jpg","type":"image\/jpeg"}],"twitter_card":"summary_large_image","twitter_misc":{"Est. reading time":"6 minutes"},"schema":{"@context":"https:\/\/schema.org","@graph":[{"@type":"WebPage","@id":"https:\/\/seenet-securite.fr\/mentions-legales\/","url":"https:\/\/seenet-securite.fr\/mentions-legales\/","name":"Legal information - Seenet I GROUPE SENEF","isPartOf":{"@id":"https:\/\/seenet-securite.fr\/#website"},"datePublished":"2023-12-19T12:40:29+00:00","dateModified":"2025-09-25T09:29:47+00:00","description":"legal information - Seenet I GROUPE SENEF. We also invite you to join us on social networks, where you can take...","breadcrumb":{"@id":"https:\/\/seenet-securite.fr\/mentions-legales\/#breadcrumb"},"inLanguage":"en-US","potentialAction":[{"@type":"ReadAction","target":["https:\/\/seenet-securite.fr\/mentions-legales\/"]}]},{"@type":"BreadcrumbList","@id":"https:\/\/seenet-securite.fr\/mentions-legales\/#breadcrumb","itemListElement":[{"@type":"ListItem","position":1,"name":"Accueil","item":"https:\/\/seenet-securite.fr\/"},{"@type":"ListItem","position":2,"name":"Mentions l\u00e9gales"}]},{"@type":"WebSite","@id":"https:\/\/seenet-securite.fr\/#website","url":"https:\/\/seenet-securite.fr\/","name":"Seenet Security","description":"Security and guarding software","publisher":{"@id":"https:\/\/seenet-securite.fr\/#organization"},"potentialAction":[{"@type":"SearchAction","target":{"@type":"EntryPoint","urlTemplate":"https:\/\/seenet-securite.fr\/?s={search_term_string}"},"query-input":{"@type":"PropertyValueSpecification","valueRequired":true,"valueName":"search_term_string"}}],"inLanguage":"en-US"},{"@type":"Organization","@id":"https:\/\/seenet-securite.fr\/#organization","name":"Seenet Security","url":"https:\/\/seenet-securite.fr\/","logo":{"@type":"ImageObject","inLanguage":"en-US","@id":"https:\/\/seenet-securite.fr\/#\/schema\/logo\/image\/","url":"https:\/\/seenet-securite.fr\/wp-content\/uploads\/2023\/12\/seenet-securite.jpg","contentUrl":"https:\/\/seenet-securite.fr\/wp-content\/uploads\/2023\/12\/seenet-securite.jpg","width":299,"height":100,"caption":"Seenet S\u00e9curit\u00e9"},"image":{"@id":"https:\/\/seenet-securite.fr\/#\/schema\/logo\/image\/"},"sameAs":["https:\/\/www.linkedin.com\/company\/10049802\/"]}]}},"_links":{"self":[{"href":"https:\/\/seenet-securite.fr\/en\/wp-json\/wp\/v2\/pages\/3575","targetHints":{"allow":["GET"]}}],"collection":[{"href":"https:\/\/seenet-securite.fr\/en\/wp-json\/wp\/v2\/pages"}],"about":[{"href":"https:\/\/seenet-securite.fr\/en\/wp-json\/wp\/v2\/types\/page"}],"author":[{"embeddable":true,"href":"https:\/\/seenet-securite.fr\/en\/wp-json\/wp\/v2\/users\/1"}],"replies":[{"embeddable":true,"href":"https:\/\/seenet-securite.fr\/en\/wp-json\/wp\/v2\/comments?post=3575"}],"version-history":[{"count":6,"href":"https:\/\/seenet-securite.fr\/en\/wp-json\/wp\/v2\/pages\/3575\/revisions"}],"predecessor-version":[{"id":5694,"href":"https:\/\/seenet-securite.fr\/en\/wp-json\/wp\/v2\/pages\/3575\/revisions\/5694"}],"wp:attachment":[{"href":"https:\/\/seenet-securite.fr\/en\/wp-json\/wp\/v2\/media?parent=3575"}],"curies":[{"name":"wp","href":"https:\/\/api.w.org\/{rel}","templated":true}]}}