{"id":3550,"date":"2023-12-10T17:43:08","date_gmt":"2023-12-10T16:43:08","guid":{"rendered":"https:\/\/seenet-securite.fr\/?page_id=3550"},"modified":"2026-02-09T16:52:43","modified_gmt":"2026-02-09T15:52:43","slug":"demo-seenet-securite","status":"publish","type":"page","link":"https:\/\/seenet-securite.fr\/en\/demo-seenet-securite\/","title":{"rendered":"Contact us and request a Seenet demo"},"content":{"rendered":"<div class=\"fusion-fullwidth fullwidth-box fusion-builder-row-1 fusion-flex-container has-pattern-background has-mask-background nonhundred-percent-fullwidth non-hundred-percent-height-scrolling\" style=\"--awb-border-radius-top-left:0px;--awb-border-radius-top-right:0px;--awb-border-radius-bottom-right:0px;--awb-border-radius-bottom-left:0px;--awb-padding-top:30px;--awb-padding-bottom:3%;--awb-padding-top-medium:12px;--awb-background-image:linear-gradient(180deg, var(--awb-color1) 0%,var(--awb-color2) 70%);--awb-flex-wrap:wrap;\" ><div class=\"fusion-builder-row fusion-row fusion-flex-align-items-flex-start fusion-flex-justify-content-center fusion-flex-content-wrap\" style=\"max-width:1372.8px;margin-left: calc(-4% \/ 2 );margin-right: calc(-4% \/ 2 );\"><div class=\"fusion-layout-column fusion_builder_column fusion-builder-column-0 fusion_builder_column_5_6 5_6 fusion-flex-column fusion-animated\" style=\"--awb-bg-size:cover;--awb-width-large:83.333333333333%;--awb-margin-top-large:20px;--awb-spacing-right-large:2.304%;--awb-margin-bottom-large:40px;--awb-spacing-left-large:2.304%;--awb-width-medium:83.333333333333%;--awb-order-medium:0;--awb-margin-top-medium:16px;--awb-spacing-right-medium:2.304%;--awb-margin-bottom-medium:16px;--awb-spacing-left-medium:2.304%;--awb-width-small:100%;--awb-order-small:0;--awb-margin-top-small:10px;--awb-spacing-right-small:1.92%;--awb-margin-bottom-small:16px;--awb-spacing-left-small:1.92%;\" data-animationtype=\"fadeInDown\" data-animationduration=\"1.0\" data-animationoffset=\"top-into-view\" data-scroll-devices=\"small-visibility,medium-visibility,large-visibility\"><div class=\"fusion-column-wrapper fusion-column-has-shadow fusion-flex-justify-content-flex-start fusion-content-layout-column\"><div class=\"fusion-title title fusion-title-1 fusion-sep-none fusion-title-center fusion-title-text fusion-title-size-one\" style=\"--awb-text-color:#171e96;--awb-margin-bottom-medium:32px;--awb-font-size:60px;\"><h1 class=\"fusion-title-heading title-heading-center fusion-responsive-typography-calculated\" style=\"font-family:&quot;Inter&quot;;font-style:normal;font-weight:700;margin:0;font-size:1em;text-transform:none;--fontSize:60;line-height:var(--awb-typography1-line-height);\">Contact and demo request<\/h1><\/div><\/div><\/div><div class=\"fusion-layout-column fusion_builder_column fusion-builder-column-1 fusion_builder_column_1_2 1_2 fusion-flex-column fusion-flex-align-self-flex-start fusion-animated\" style=\"--awb-bg-size:cover;--awb-width-large:50%;--awb-margin-top-large:20px;--awb-spacing-right-large:7.68%;--awb-margin-bottom-large:20px;--awb-spacing-left-large:7.68%;--awb-width-medium:40%;--awb-order-medium:0;--awb-spacing-right-medium:9.6%;--awb-spacing-left-medium:9.6%;--awb-width-small:100%;--awb-order-small:1;--awb-spacing-right-small:1.92%;--awb-spacing-left-small:1.92%;\" data-animationtype=\"fadeInLeft\" data-animationduration=\"1.6\" data-animationoffset=\"top-into-view\" data-scroll-devices=\"small-visibility,medium-visibility,large-visibility\"><div class=\"fusion-column-wrapper fusion-column-has-shadow fusion-flex-justify-content-flex-start fusion-content-layout-column\"><div class=\"fusion-title title fusion-title-2 fusion-sep-none fusion-title-text fusion-title-size-three fusion-animated\" style=\"--awb-text-color:#7741ff;--awb-margin-bottom:5px;--awb-margin-bottom-medium:30px;--awb-font-size:30px;\" data-animationtype=\"fadeInDown\" data-animationduration=\"1.4\" data-animationoffset=\"top-into-view\"><h3 class=\"fusion-title-heading title-heading-left fusion-responsive-typography-calculated\" style=\"font-family:&quot;Inter&quot;;font-style:normal;font-weight:700;margin:0;font-size:1em;text-transform:none;--fontSize:30;line-height:1.26;\">Our team will be happy to answer any questions you may have.<\/h3><\/div><div class=\"fusion-title title fusion-title-3 fusion-sep-none fusion-title-text fusion-title-size-three fusion-animated\" style=\"--awb-text-color:#171e96;--awb-margin-bottom-medium:30px;--awb-font-size:22px;\" data-animationtype=\"fadeInDown\" data-animationduration=\"1.4\" data-animationoffset=\"top-into-view\"><h3 class=\"fusion-title-heading title-heading-left fusion-responsive-typography-calculated\" style=\"font-family:&quot;Inter&quot;;font-style:normal;font-weight:400;margin:0;font-size:1em;--fontSize:22;line-height:1.26;\">Fill in the form or contact our sales team on (+33) 1.84.20.16.50<\/h3><\/div><div class=\"fusion-separator\" style=\"align-self: flex-start;margin-right:auto;margin-top:30px;margin-bottom:30px;width:100%;max-width:80%;\"><div class=\"fusion-separator-border sep-single sep-solid\" style=\"--awb-height:20px;--awb-amount:20px;--awb-sep-color:var(--awb-color6);border-color:var(--awb-color6);border-top-width:1px;\"><\/div><\/div><div class=\"fusion-text fusion-text-1\" style=\"--awb-content-alignment:left;--awb-font-size:22px;--awb-line-height:1.48em;--awb-letter-spacing:-0.01em;--awb-text-color:#171e96;\"><p><em>\u201cWhat makes our solutions special is that they have been co-constructed with our customers.\u201d<\/em><\/p>\n<\/div><div class=\"fusion-title title fusion-title-4 fusion-sep-none fusion-title-text fusion-title-size-six\" style=\"--awb-text-color:#171e96;--awb-margin-top:6px;--awb-margin-bottom:4px;--awb-margin-top-small:4px;--awb-margin-bottom-small:4px;--awb-margin-top-medium:4px;--awb-margin-bottom-medium:4px;\"><h6 class=\"fusion-title-heading title-heading-left fusion-responsive-typography-calculated\" style=\"font-family:&quot;Inter&quot;;font-style:normal;font-weight:400;margin:0;--fontSize:18;line-height:1.67;\">Momar Mbaye<\/h6><\/div><div class=\"fusion-text fusion-text-2\" style=\"--awb-content-alignment:left;--awb-font-size:14px;--awb-line-height:24px;--awb-text-color:#171e96;--awb-text-font-family:&quot;Inter&quot;;--awb-text-font-style:normal;--awb-text-font-weight:400;\"><p>CEO GROUPE SENEF<\/p>\n<\/div><div class=\"fusion-section-separator section-separator slant fusion-section-separator-1\" style=\"--awb-spacer-height:99px;--awb-svg-margin-left:7.68%;--awb-svg-margin-right:7.68%;--awb-svg-margin-left-medium:9.6%;--awb-svg-margin-right-medium:9.6%;--awb-svg-margin-left-small:1.92%;--awb-svg-margin-right-small:1.92%;--awb-divider-height:99px;--awb-spacer-padding-top:inherit;--awb-sep-padding:0;--awb-svg-padding:0;\"><div class=\"fusion-section-separator-svg\"><svg class=\"fusion-slant-candy\" xmlns=\"http:\/\/www.w3.org\/2000\/svg\" version=\"1.1\" width=\"100%\" height=\"100\" viewbox=\"0 0 100 100\" preserveaspectratio=\"none\" fill=\"rgba(244,244,246,1)\"><path d=\"M100 0 L100 100 L0 0 Z\"><\/path><\/svg><\/div><div class=\"fusion-section-separator-spacer\"><div class=\"fusion-section-separator-spacer-height\"><\/div><\/div><\/div><\/div><\/div><div class=\"fusion-layout-column fusion_builder_column fusion-builder-column-2 fusion_builder_column_1_2 1_2 fusion-flex-column fusion-animated\" style=\"--awb-padding-top:50px;--awb-padding-right:40px;--awb-padding-bottom:20px;--awb-padding-left:40px;--awb-padding-top-small:24px;--awb-padding-right-small:28px;--awb-padding-bottom-small:16px;--awb-padding-left-small:28px;--awb-overflow:hidden;--awb-bg-color:var(--awb-color1);--awb-bg-color-hover:var(--awb-color1);--awb-bg-size:cover;--awb-box-shadow:12px 32px 60px -8px hsla(var(--awb-color8-h),var(--awb-color8-s),var(--awb-color8-l),calc( var(--awb-color8-a) - 88% ));;--awb-border-color:hsla(var(--awb-color8-h),var(--awb-color8-s),var(--awb-color8-l),calc( var(--awb-color8-a) - 92% ));--awb-border-right:1px;--awb-border-bottom:1px;--awb-border-left:1px;--awb-border-style:solid;--awb-border-radius:12px 12px 12px 12px;--awb-width-large:50%;--awb-margin-top-large:20px;--awb-spacing-right-large:15.36%;--awb-margin-bottom-large:20px;--awb-spacing-left-large:9.6%;--awb-width-medium:60%;--awb-order-medium:0;--awb-spacing-right-medium:6.4%;--awb-spacing-left-medium:3.2%;--awb-width-small:100%;--awb-order-small:0;--awb-margin-top-small:0px;--awb-spacing-right-small:3.84%;--awb-margin-bottom-small:30px;--awb-spacing-left-small:1.92%;\" data-animationtype=\"fadeInRight\" data-animationduration=\"2.0\" data-animationoffset=\"top-into-view\" data-scroll-devices=\"small-visibility,medium-visibility,large-visibility\"><div class=\"fusion-column-wrapper fusion-column-has-shadow fusion-flex-justify-content-center fusion-content-layout-column\">\n<div class=\"wpcf7 no-js\" id=\"wpcf7-f3555-o1\" lang=\"fr-FR\" dir=\"ltr\" data-wpcf7-id=\"3555\">\n<div class=\"screen-reader-response\"><p role=\"status\" aria-live=\"polite\" aria-atomic=\"true\"><\/p> <ul><\/ul><\/div>\n<form action=\"\/en\/wp-json\/wp\/v2\/pages\/3550#wpcf7-f3555-o1\" method=\"post\" class=\"wpcf7-form init\" aria-label=\"Contact form\" novalidate=\"novalidate\" data-status=\"init\" data-trp-original-action=\"\/en\/wp-json\/wp\/v2\/pages\/3550#wpcf7-f3555-o1\">\n<fieldset class=\"hidden-fields-container\"><input type=\"hidden\" name=\"_wpcf7\" value=\"3555\" \/><input type=\"hidden\" name=\"_wpcf7_version\" value=\"6.1.5\" \/><input type=\"hidden\" name=\"_wpcf7_locale\" value=\"fr_FR\" \/><input type=\"hidden\" name=\"_wpcf7_unit_tag\" value=\"wpcf7-f3555-o1\" \/><input type=\"hidden\" name=\"_wpcf7_container_post\" value=\"0\" \/><input type=\"hidden\" name=\"_wpcf7_posted_data_hash\" value=\"\" \/>\n<\/fieldset>\n<p><span class=\"wpcf7-form-control-wrap\" data-name=\"entreprise\"><input size=\"40\" maxlength=\"400\" class=\"wpcf7-form-control wpcf7-text wpcf7-validates-as-required\" aria-required=\"true\" aria-invalid=\"false\" placeholder=\"Your company\" value=\"\" type=\"text\" name=\"entreprise\" \/><\/span>\n<\/p>\n<p>Number of employees in your company :\n<\/p>\n<p><span class=\"wpcf7-form-control-wrap\" data-name=\"taille\"><select class=\"wpcf7-form-control wpcf7-select\" aria-invalid=\"false\" name=\"taille\"><option value=\"\">-Please select an option-<\/option><option value=\"0-20\">0-20<\/option><option value=\"20-50\">20-50<\/option><option value=\"50-80\">50-80<\/option><option value=\"80-100\">80-100<\/option><option value=\"100-200\">100-200<\/option><option value=\"200-300\">200-300<\/option><option value=\"300-500\">300-500<\/option><option value=\"+ de 500\">+ More than 500<\/option><\/select><\/span>\n<\/p>\n<p>Civility :\n<\/p>\n<p><span class=\"wpcf7-form-control-wrap\" data-name=\"civilite\"><select class=\"wpcf7-form-control wpcf7-select\" aria-invalid=\"false\" name=\"civilite\"><option value=\"\">-Please select an option-<\/option><option value=\"Madame\">Ms.<\/option><option value=\"Monsieur\">Mr.<\/option><\/select><\/span>\n<\/p>\n<p><span class=\"wpcf7-form-control-wrap\" data-name=\"your-name\"><input size=\"40\" maxlength=\"400\" class=\"wpcf7-form-control wpcf7-text wpcf7-validates-as-required\" aria-required=\"true\" aria-invalid=\"false\" placeholder=\"Your name\" value=\"\" type=\"text\" name=\"your-name\" \/><\/span>\n<\/p>\n<p><span class=\"wpcf7-form-control-wrap\" data-name=\"your-email\"><input size=\"40\" maxlength=\"400\" class=\"wpcf7-form-control wpcf7-email wpcf7-validates-as-required wpcf7-text wpcf7-validates-as-email\" aria-required=\"true\" aria-invalid=\"false\" placeholder=\"Your e-mail address\" value=\"\" type=\"email\" name=\"your-email\" \/><\/span>\n<\/p>\n<p><span class=\"wpcf7-form-control-wrap\" data-name=\"tel\"><input size=\"40\" maxlength=\"400\" class=\"wpcf7-form-control wpcf7-tel wpcf7-text wpcf7-validates-as-tel\" aria-invalid=\"false\" placeholder=\"Your phone number\" value=\"\" type=\"tel\" name=\"tel\" \/><\/span>\n<\/p>\n<p>Demonstration* :\n<\/p>\n<p><span class=\"wpcf7-form-control-wrap\" data-name=\"menu-720\"><select class=\"wpcf7-form-control wpcf7-select wpcf7-validates-as-required\" aria-required=\"true\" aria-invalid=\"false\" name=\"menu-720\"><option value=\"Je souhaite assister \u00e0 une d\u00e9monstration\">I would like to attend a demonstration<\/option><option value=\"Je ne souhaite pas assister \u00e0 une d\u00e9monstration\">I do not wish to attend a demonstration<\/option><\/select><\/span>\n<\/p>\n<p>How did you hear about us?\n<\/p>\n<p><span class=\"wpcf7-form-control-wrap\" data-name=\"source\"><select class=\"wpcf7-form-control wpcf7-select wpcf7-validates-as-required\" aria-required=\"true\" aria-invalid=\"false\" name=\"source\"><option value=\"\">-Please select an option-<\/option><option value=\"Recherche Web\">Web search<\/option><option value=\"Recommandation\">Recommendation<\/option><option value=\"FEP\">FEP<\/option><option value=\"Salons\">Exhibitions<\/option><option value=\"Presse\">Press<\/option><option value=\"Autre\">Other<\/option><\/select><\/span>\n<\/p>\n<p><span class=\"wpcf7-form-control-wrap\" data-name=\"your-subject\"><input size=\"40\" maxlength=\"400\" class=\"wpcf7-form-control wpcf7-text\" aria-invalid=\"false\" placeholder=\"Subject of your message\" value=\"\" type=\"text\" name=\"your-subject\" \/><\/span>\n<\/p>\n<p><span class=\"wpcf7-form-control-wrap\" data-name=\"your-message\"><textarea cols=\"40\" rows=\"6\" maxlength=\"2000\" class=\"wpcf7-form-control wpcf7-textarea\" aria-invalid=\"false\" placeholder=\"Your message\" name=\"your-message\"><\/textarea><\/span>\n<\/p>\n<input class=\"wpcf7-form-control wpcf7-hidden\" value=\"PROGICLEAN\" type=\"hidden\" name=\"nom_du_site\" \/>\n<p><input class=\"wpcf7-form-control wpcf7-submit has-spinner\" type=\"submit\" value=\"Send message\" \/>\n<\/p>\n<p>* Required fields\n<\/p><p style=\"display: none !important;\" class=\"akismet-fields-container\" data-prefix=\"_wpcf7_ak_\"><label>\u0394<textarea name=\"_wpcf7_ak_hp_textarea\" cols=\"45\" rows=\"8\" maxlength=\"100\"><\/textarea><\/label><input type=\"hidden\" id=\"ak_js_1\" name=\"_wpcf7_ak_js\" value=\"207\"\/><script>document.getElementById( \"ak_js_1\" ).setAttribute( \"value\", ( new Date() ).getTime() );<\/script><\/p><div class=\"fusion-alert alert custom alert-custom fusion-alert-center wpcf7-response-output awb-alert-native-link-color alert-dismissable awb-alert-close-boxed alert-shadow\" style=\"--awb-border-size:1px;--awb-border-top-left-radius:0px;--awb-border-top-right-radius:0px;--awb-border-bottom-left-radius:0px;--awb-border-bottom-right-radius:0px;\" role=\"alert\"><div class=\"fusion-alert-content-wrapper\"><span class=\"fusion-alert-content\"><\/span><\/div><button type=\"button\" class=\"close toggle-alert\" data-dismiss=\"alert\" aria-label=\"Close\">\u00d7<\/button><\/div>\n<input type=\"hidden\" name=\"trp-form-language\" value=\"en\"\/><\/form>\n<\/div>\n<div class=\"fusion-text fusion-text-3 fusion-text-no-margin\" style=\"--awb-font-size:14px;--awb-line-height:18px;--awb-text-color:#171e96;--awb-margin-top:10px;--awb-margin-bottom:10px;--awb-text-font-family:&quot;Inter&quot;;--awb-text-font-style:normal;--awb-text-font-weight:400;\"><p style=\"margin-bottom: 0px;\">Groupe Senef collects your data in order to process your request in accordance with our privacy policy. <b><strong class=\"x1s688f\">data protection policy<\/strong><\/b>, available for consultation <a href=\"\/en\/politique-protection-donnees\/\">here<\/a>.<\/p>\n<\/div><\/div><\/div><\/div><\/div>","protected":false},"excerpt":{"rendered":"","protected":false},"author":1,"featured_media":0,"parent":0,"menu_order":0,"comment_status":"closed","ping_status":"closed","template":"100-width.php","meta":{"inline_featured_image":false,"footnotes":""},"class_list":["post-3550","page","type-page","status-publish","hentry"],"yoast_head":"<!-- This site is optimized with the Yoast SEO plugin v27.3 - https:\/\/yoast.com\/product\/yoast-seo-wordpress\/ -->\n<title>Contactez Seenet | Demande de d\u00e9mo et devis<\/title>\n<meta name=\"description\" content=\"Besoin d\u2019une solution digitale pour votre soci\u00e9t\u00e9 de s\u00e9curit\u00e9 ? Contactez l\u2019\u00e9quipe Seenet pour un devis ou une d\u00e9mo personnalis\u00e9e.\" \/>\n<meta name=\"robots\" content=\"index, follow, max-snippet:-1, max-image-preview:large, max-video-preview:-1\" \/>\n<link rel=\"canonical\" href=\"https:\/\/seenet-securite.fr\/en\/demo-seenet-securite\/\" \/>\n<meta property=\"og:locale\" content=\"en_US\" \/>\n<meta property=\"og:type\" content=\"article\" \/>\n<meta property=\"og:title\" content=\"Contactez Seenet | Demande de d\u00e9mo et devis\" \/>\n<meta property=\"og:description\" content=\"Besoin d\u2019une solution digitale pour votre soci\u00e9t\u00e9 de s\u00e9curit\u00e9 ? Contactez l\u2019\u00e9quipe Seenet pour un devis ou une d\u00e9mo personnalis\u00e9e.\" \/>\n<meta property=\"og:url\" content=\"https:\/\/seenet-securite.fr\/en\/demo-seenet-securite\/\" \/>\n<meta property=\"og:site_name\" content=\"Seenet S\u00e9curit\u00e9\" \/>\n<meta property=\"article:modified_time\" content=\"2026-02-09T15:52:43+00:00\" \/>\n<meta property=\"og:image\" content=\"https:\/\/seenet-securite.fr\/wp-content\/uploads\/2023\/12\/seenet-securite.jpg\" \/>\n\t<meta property=\"og:image:width\" content=\"299\" \/>\n\t<meta property=\"og:image:height\" content=\"100\" \/>\n\t<meta property=\"og:image:type\" content=\"image\/jpeg\" \/>\n<meta name=\"twitter:card\" content=\"summary_large_image\" \/>\n<meta name=\"twitter:label1\" content=\"Est. reading time\" \/>\n\t<meta name=\"twitter:data1\" content=\"1 minute\" \/>\n<script type=\"application\/ld+json\" class=\"yoast-schema-graph\">{\"@context\":\"https:\\\/\\\/schema.org\",\"@graph\":[{\"@type\":\"WebPage\",\"@id\":\"https:\\\/\\\/seenet-securite.fr\\\/demo-seenet-securite\\\/\",\"url\":\"https:\\\/\\\/seenet-securite.fr\\\/demo-seenet-securite\\\/\",\"name\":\"Contactez Seenet | Demande de d\u00e9mo et devis\",\"isPartOf\":{\"@id\":\"https:\\\/\\\/seenet-securite.fr\\\/#website\"},\"datePublished\":\"2023-12-10T16:43:08+00:00\",\"dateModified\":\"2026-02-09T15:52:43+00:00\",\"description\":\"Besoin d\u2019une solution digitale pour votre soci\u00e9t\u00e9 de s\u00e9curit\u00e9 ? Contactez l\u2019\u00e9quipe Seenet pour un devis ou une d\u00e9mo personnalis\u00e9e.\",\"breadcrumb\":{\"@id\":\"https:\\\/\\\/seenet-securite.fr\\\/demo-seenet-securite\\\/#breadcrumb\"},\"inLanguage\":\"en-US\",\"potentialAction\":[{\"@type\":\"ReadAction\",\"target\":[\"https:\\\/\\\/seenet-securite.fr\\\/demo-seenet-securite\\\/\"]}]},{\"@type\":\"BreadcrumbList\",\"@id\":\"https:\\\/\\\/seenet-securite.fr\\\/demo-seenet-securite\\\/#breadcrumb\",\"itemListElement\":[{\"@type\":\"ListItem\",\"position\":1,\"name\":\"Accueil\",\"item\":\"https:\\\/\\\/seenet-securite.fr\\\/\"},{\"@type\":\"ListItem\",\"position\":2,\"name\":\"Contact et demande de d\u00e9monstration Seenet\"}]},{\"@type\":\"WebSite\",\"@id\":\"https:\\\/\\\/seenet-securite.fr\\\/#website\",\"url\":\"https:\\\/\\\/seenet-securite.fr\\\/\",\"name\":\"Seenet S\u00e9curit\u00e9\",\"description\":\"Logiciel s\u00e9curit\u00e9 et gardiennage\",\"publisher\":{\"@id\":\"https:\\\/\\\/seenet-securite.fr\\\/#organization\"},\"potentialAction\":[{\"@type\":\"SearchAction\",\"target\":{\"@type\":\"EntryPoint\",\"urlTemplate\":\"https:\\\/\\\/seenet-securite.fr\\\/?s={search_term_string}\"},\"query-input\":{\"@type\":\"PropertyValueSpecification\",\"valueRequired\":true,\"valueName\":\"search_term_string\"}}],\"inLanguage\":\"en-US\"},{\"@type\":\"Organization\",\"@id\":\"https:\\\/\\\/seenet-securite.fr\\\/#organization\",\"name\":\"Seenet S\u00e9curit\u00e9\",\"url\":\"https:\\\/\\\/seenet-securite.fr\\\/\",\"logo\":{\"@type\":\"ImageObject\",\"inLanguage\":\"en-US\",\"@id\":\"https:\\\/\\\/seenet-securite.fr\\\/#\\\/schema\\\/logo\\\/image\\\/\",\"url\":\"https:\\\/\\\/seenet-securite.fr\\\/wp-content\\\/uploads\\\/2023\\\/12\\\/seenet-securite.jpg\",\"contentUrl\":\"https:\\\/\\\/seenet-securite.fr\\\/wp-content\\\/uploads\\\/2023\\\/12\\\/seenet-securite.jpg\",\"width\":299,\"height\":100,\"caption\":\"Seenet S\u00e9curit\u00e9\"},\"image\":{\"@id\":\"https:\\\/\\\/seenet-securite.fr\\\/#\\\/schema\\\/logo\\\/image\\\/\"},\"sameAs\":[\"https:\\\/\\\/www.linkedin.com\\\/company\\\/10049802\\\/\"]}]}<\/script>\n<!-- \/ Yoast SEO plugin. -->","yoast_head_json":{"title":"Contact Seenet | Request demo and quote","description":"Need a digital solution for your security company? Contact the Seenet team for a quote or a personalized demo.","robots":{"index":"index","follow":"follow","max-snippet":"max-snippet:-1","max-image-preview":"max-image-preview:large","max-video-preview":"max-video-preview:-1"},"canonical":"https:\/\/seenet-securite.fr\/en\/demo-seenet-securite\/","og_locale":"en_US","og_type":"article","og_title":"Contactez Seenet | Demande de d\u00e9mo et devis","og_description":"Besoin d\u2019une solution digitale pour votre soci\u00e9t\u00e9 de s\u00e9curit\u00e9 ? Contactez l\u2019\u00e9quipe Seenet pour un devis ou une d\u00e9mo personnalis\u00e9e.","og_url":"https:\/\/seenet-securite.fr\/en\/demo-seenet-securite\/","og_site_name":"Seenet S\u00e9curit\u00e9","article_modified_time":"2026-02-09T15:52:43+00:00","og_image":[{"width":299,"height":100,"url":"https:\/\/seenet-securite.fr\/wp-content\/uploads\/2023\/12\/seenet-securite.jpg","type":"image\/jpeg"}],"twitter_card":"summary_large_image","twitter_misc":{"Est. reading time":"1 minute"},"schema":{"@context":"https:\/\/schema.org","@graph":[{"@type":"WebPage","@id":"https:\/\/seenet-securite.fr\/demo-seenet-securite\/","url":"https:\/\/seenet-securite.fr\/demo-seenet-securite\/","name":"Contact Seenet | Request demo and quote","isPartOf":{"@id":"https:\/\/seenet-securite.fr\/#website"},"datePublished":"2023-12-10T16:43:08+00:00","dateModified":"2026-02-09T15:52:43+00:00","description":"Need a digital solution for your security company? Contact the Seenet team for a quote or a personalized demo.","breadcrumb":{"@id":"https:\/\/seenet-securite.fr\/demo-seenet-securite\/#breadcrumb"},"inLanguage":"en-US","potentialAction":[{"@type":"ReadAction","target":["https:\/\/seenet-securite.fr\/demo-seenet-securite\/"]}]},{"@type":"BreadcrumbList","@id":"https:\/\/seenet-securite.fr\/demo-seenet-securite\/#breadcrumb","itemListElement":[{"@type":"ListItem","position":1,"name":"Accueil","item":"https:\/\/seenet-securite.fr\/"},{"@type":"ListItem","position":2,"name":"Contact et demande de d\u00e9monstration Seenet"}]},{"@type":"WebSite","@id":"https:\/\/seenet-securite.fr\/#website","url":"https:\/\/seenet-securite.fr\/","name":"Seenet Security","description":"Security and guarding software","publisher":{"@id":"https:\/\/seenet-securite.fr\/#organization"},"potentialAction":[{"@type":"SearchAction","target":{"@type":"EntryPoint","urlTemplate":"https:\/\/seenet-securite.fr\/?s={search_term_string}"},"query-input":{"@type":"PropertyValueSpecification","valueRequired":true,"valueName":"search_term_string"}}],"inLanguage":"en-US"},{"@type":"Organization","@id":"https:\/\/seenet-securite.fr\/#organization","name":"Seenet Security","url":"https:\/\/seenet-securite.fr\/","logo":{"@type":"ImageObject","inLanguage":"en-US","@id":"https:\/\/seenet-securite.fr\/#\/schema\/logo\/image\/","url":"https:\/\/seenet-securite.fr\/wp-content\/uploads\/2023\/12\/seenet-securite.jpg","contentUrl":"https:\/\/seenet-securite.fr\/wp-content\/uploads\/2023\/12\/seenet-securite.jpg","width":299,"height":100,"caption":"Seenet S\u00e9curit\u00e9"},"image":{"@id":"https:\/\/seenet-securite.fr\/#\/schema\/logo\/image\/"},"sameAs":["https:\/\/www.linkedin.com\/company\/10049802\/"]}]}},"_links":{"self":[{"href":"https:\/\/seenet-securite.fr\/en\/wp-json\/wp\/v2\/pages\/3550","targetHints":{"allow":["GET"]}}],"collection":[{"href":"https:\/\/seenet-securite.fr\/en\/wp-json\/wp\/v2\/pages"}],"about":[{"href":"https:\/\/seenet-securite.fr\/en\/wp-json\/wp\/v2\/types\/page"}],"author":[{"embeddable":true,"href":"https:\/\/seenet-securite.fr\/en\/wp-json\/wp\/v2\/users\/1"}],"replies":[{"embeddable":true,"href":"https:\/\/seenet-securite.fr\/en\/wp-json\/wp\/v2\/comments?post=3550"}],"version-history":[{"count":24,"href":"https:\/\/seenet-securite.fr\/en\/wp-json\/wp\/v2\/pages\/3550\/revisions"}],"predecessor-version":[{"id":5667,"href":"https:\/\/seenet-securite.fr\/en\/wp-json\/wp\/v2\/pages\/3550\/revisions\/5667"}],"wp:attachment":[{"href":"https:\/\/seenet-securite.fr\/en\/wp-json\/wp\/v2\/media?parent=3550"}],"curies":[{"name":"wp","href":"https:\/\/api.w.org\/{rel}","templated":true}]}}